{"id":9,"date":"2009-11-08T18:37:29","date_gmt":"2009-11-09T01:37:29","guid":{"rendered":"http:\/\/www.ecoven.info\/?page_id=9"},"modified":"2020-05-27T17:16:35","modified_gmt":"2020-05-27T17:16:35","slug":"asesoramiento-laboral","status":"publish","type":"page","link":"https:\/\/www.ecoven.info\/se\/servicios\/asesoramiento-laboral\/","title":{"rendered":"Arbetsr\u00e5dgivning"},"content":{"rendered":"<p>Tillhandah\u00e5llandet av tj\u00e4nster som erbjuds av ECOVEN ECONOMISTAS \u00f6verskrider rapporteringen genom att ha en tidigare fastst\u00e4lld planering med f\u00f6retaget d\u00e4r de riktlinjer och m\u00e5l som ska uppfyllas i olika villkor st\u00e4lls in, vilket \u00e4r ett oundg\u00e4ngligt verktyg f\u00f6r andra avdelningar i f\u00f6retaget.<\/p>\n<p>Dynamiken i arbetsomr\u00e5det i ett f\u00f6retag, liksom den st\u00e4ndiga tillk\u00e4nnagivandet av nya regler g\u00f6r att deltagande av ett specialiserat team d\u00e4r personen i fr\u00e5ga kan delegera en betydande arbetsbelastning och ansvar blir allt mer v\u00e4rdefull och n\u00f6dv\u00e4ndig.<\/p>\n<p>Det \u00e5tagande som ECOVEN ECONOMISTAS f\u00f6rv\u00e4rvar med sina kunder g\u00f6r det m\u00f6jligt f\u00f6r dem att rikta uppm\u00e4rksamheten p\u00e5 sin aff\u00e4rsverksamhet.<\/p>\n<p>Inom v\u00e5rt breda utbud av tj\u00e4nster f\u00f6rbereder vi en personlig budget enligt f\u00f6retagets \u00f6nskem\u00e5l. Vi erbjuder fullt engagemang s\u00e5 att alla arbetskrafts skyldigheter uppfylls.<\/p>\n<p><strong>V\u00e5ra tj\u00e4nster<\/strong><\/p>\n<ul>\n<li>R\u00e5d om olika typer av kontrakt, med individuell uppf\u00f6ljning av tidsfristerna, f\u00f6rl\u00e4ngningar och f\u00f6rnyelser av dessa, unders\u00f6ks med ocks\u00e5 hitta de b\u00e4sta villkoren och m\u00f6jliga subventioner och bonusar.<\/li>\n<li>Kontrakt och ers\u00e4ttning f\u00f6r chefer<\/li>\n<li>F\u00f6rberedelse av l\u00f6n och socialf\u00f6rs\u00e4kring.<\/li>\n<li>Till\u00e4mpning och uppdatering av konventioner och arbetsstandarder.<\/li>\n<li>Behandling av variationer i h\u00f6g, l\u00e5g och arbetskraft i alla socialf\u00f6rs\u00e4kringssystem.<\/li>\n<li>Registrering av f\u00f6retag inom socialf\u00f6rs\u00e4kring och efterf\u00f6ljande \u00e4ndringar (administrativa \u00e4ndringar, nya konton f\u00f6r bidrags konton &#8230;) H\u00f6gt i egen f\u00f6retagare och andra special regimer.<\/li>\n<li>F\u00f6rklaringar och inl\u00e4mnande av k\u00e4llskatt p\u00e5 k\u00e4llor och \u00e5rliga sammanfattningar.<\/li>\n<li>Inneh\u00e5ll Bevis och kommunikation av information till betalaren.<\/li>\n<li>Arbetskontroller: assistans, f\u00f6rsvar, svar p\u00e5 krav, likvidationer och resurser.<\/li>\n<li>Representation i f\u00f6rlikning akter i SMAC och upps\u00e4gningsf\u00f6rfaranden.<\/li>\n<li>Arbetar Revisioner Studiekostnader. Ers\u00e4ttningar.<\/li>\n<li>Andra f\u00f6rfaranden: arbetsliv, intyg om att vara uppdaterade med betalning, f\u00f6rfaranden f\u00f6r insamling och uppskjutande, kontrakt och ers\u00e4ttning f\u00f6r chefer, presentation av jobberbjudanden, behandling av olycksrapporter.\n<\/li>\n<\/ul>\n<p><\/p>","protected":false},"excerpt":{"rendered":"<p>Tillhandah\u00e5llandet av tj\u00e4nster som erbjuds av ECOVEN ECONOMISTAS \u00f6verskrider rapporteringen genom att ha en tidigare fastst\u00e4lld planering med f\u00f6retaget d\u00e4r de riktlinjer och m\u00e5l som ska uppfyllas i olika villkor st\u00e4lls in, vilket \u00e4r ett oundg\u00e4ngligt verktyg f\u00f6r andra avdelningar i f\u00f6retaget. Dynamiken i arbetsomr\u00e5det i ett f\u00f6retag, liksom den st\u00e4ndiga tillk\u00e4nnagivandet av nya regler [&hellip;]<\/p>\n","protected":false},"author":2,"featured_media":0,"parent":7,"menu_order":2,"comment_status":"closed","ping_status":"closed","template":"","meta":{"footnotes":""},"aioseo_notices":[],"_links":{"self":[{"href":"https:\/\/www.ecoven.info\/se\/wp-json\/wp\/v2\/pages\/9"}],"collection":[{"href":"https:\/\/www.ecoven.info\/se\/wp-json\/wp\/v2\/pages"}],"about":[{"href":"https:\/\/www.ecoven.info\/se\/wp-json\/wp\/v2\/types\/page"}],"author":[{"embeddable":true,"href":"https:\/\/www.ecoven.info\/se\/wp-json\/wp\/v2\/users\/2"}],"replies":[{"embeddable":true,"href":"https:\/\/www.ecoven.info\/se\/wp-json\/wp\/v2\/comments?post=9"}],"version-history":[{"count":5,"href":"https:\/\/www.ecoven.info\/se\/wp-json\/wp\/v2\/pages\/9\/revisions"}],"predecessor-version":[{"id":751,"href":"https:\/\/www.ecoven.info\/se\/wp-json\/wp\/v2\/pages\/9\/revisions\/751"}],"up":[{"embeddable":true,"href":"https:\/\/www.ecoven.info\/se\/wp-json\/wp\/v2\/pages\/7"}],"wp:attachment":[{"href":"https:\/\/www.ecoven.info\/se\/wp-json\/wp\/v2\/media?parent=9"}],"curies":[{"name":"wp","href":"https:\/\/api.w.org\/{rel}","templated":true}]}}