{"id":15,"date":"2009-11-08T18:41:13","date_gmt":"2009-11-09T01:41:13","guid":{"rendered":"http:\/\/www.ecoven.info\/?page_id=15"},"modified":"2019-11-04T13:36:10","modified_gmt":"2019-11-04T13:36:10","slug":"concurso-de-acreedores","status":"publish","type":"page","link":"https:\/\/www.ecoven.info\/se\/servicios\/concurso-de-acreedores\/","title":{"rendered":"Kreditgivarnas t\u00e4vling"},"content":{"rendered":"<p>V\u00e5rt team \u00e4r specialiserat p\u00e5 konkursr\u00e4tt och, n\u00e4rmare best\u00e4mt, insolvensf\u00f6rfaranden som h\u00e4rr\u00f6r fr\u00e5n aff\u00e4rskriser, det vill s\u00e4ga konkursf\u00f6rfarandet (den gamla lagen om betalningsstopp och konkurs).<\/p>\n<p>R\u00e5dgivarna f\u00f6r Ecoven Economistas arbetar f\u00f6r att hj\u00e4lpa v\u00e5ra kunder att \u00f6vervinna sv\u00e5ra ekonomiska situationer, b\u00e5de i de som \u00e4r n\u00f6dv\u00e4ndiga f\u00f6r att anm\u00e4la en t\u00e4vling och f\u00f6r att f\u00f6rebygga framtida ekonomiska situationer.<\/p>\n<p>Vi \u00e4r specialiserade p\u00e5 t\u00e4vlingar av borgen\u00e4rer f\u00f6r fysiska och juridiska personer. V\u00e5r l\u00e5nga erfarenhet st\u00f6der oss, efter att ha varit konkursadministrat\u00f6rer f\u00f6r stora och v\u00e4lk\u00e4nda f\u00f6retag b\u00e5de regionalt och nationellt.<\/p>\n<p>EcoVen ekonomister ger r\u00e5d till f\u00f6retag i insolvens- och aff\u00e4rskris.<\/p>\n<ul>\n<li>F\u00f6rr\u00e5dgivningsr\u00e5dgivning, f\u00f6rberedelse av redovisning och f\u00f6retagsdokumentation, verifiering av efterlevnad av lagkrav, f\u00f6rhandlingar med kreditgivare och avtal om extra banker.<\/li>\n<li>F\u00f6rberedelse av ans\u00f6kan om deklaration om frivillig konkurrens och juridisk hj\u00e4lp i alla skeden av dess behandling.<\/li>\n<li>G\u00e4lden\u00e4rens f\u00f6rsvar i konkursans\u00f6kningar n\u00f6dv\u00e4ndigt.<\/li>\n<li>T\u00e4vling av borgen\u00e4rer f\u00f6r fysiska personer i situationer med familjens insolvens.<\/li>\n<\/ul>\n<p>P\u00e5 kreditgivarens v\u00e4gnar bed\u00f6mer vi g\u00e4lden\u00e4rens situation f\u00f6re beg\u00e4ran om insolvens och genomf\u00f6r de n\u00f6dv\u00e4ndiga \u00e5tg\u00e4rderna f\u00f6r att f\u00e5 b\u00e4sta m\u00f6jliga f\u00f6rsvar f\u00f6r v\u00e5r klients intressen och insamlingen av hens kredit.<\/p>\n<ul>\n<li>PRESENTATION AV DIN KREDIT TILL BANKRUPTCY ADMINISTRATION: <a href=\"http:\/\/www.ecoven.info\/wp-content\/uploads\/2009\/11\/Concurso-acreedores.jpg\"><img loading=\"lazy\" decoding=\"async\" class=\"alignright size-thumbnail wp-image-105\" title=\"Concurso acreedores\" src=\"http:\/\/www.ecoven.info\/wp-content\/uploads\/2009\/11\/Concurso-acreedores-150x150.jpg\" alt=\"\" width=\"150\" height=\"150\" srcset=\"https:\/\/www.ecoven.info\/wp-content\/uploads\/2009\/11\/Concurso-acreedores-150x150.jpg 150w, https:\/\/www.ecoven.info\/wp-content\/uploads\/2009\/11\/Concurso-acreedores-60x60.jpg 60w\" sizes=\"(max-width: 150px) 100vw, 150px\" \/><\/a>\n<ul>\n<li>Granskning och studie av konkursf\u00f6rfaranden<\/li>\n<li>Kontrollera kreditv\u00e4rdighet,<\/li>\n<li>Verifiera den kredit som deklareras av g\u00e4lden\u00e4ren,<\/li>\n<li>Skicka in den n\u00f6dv\u00e4ndiga dokumentationen till konkursf\u00f6rvaltningen f\u00f6r korrekt kvalifikation inom konkursf\u00f6rfarandet.<\/li>\n<\/ul>\n<\/li>\n<\/ul>\n<p><\/p>","protected":false},"excerpt":{"rendered":"<p>V\u00e5rt team \u00e4r specialiserat p\u00e5 konkursr\u00e4tt och, n\u00e4rmare best\u00e4mt, insolvensf\u00f6rfaranden som h\u00e4rr\u00f6r fr\u00e5n aff\u00e4rskriser, det vill s\u00e4ga konkursf\u00f6rfarandet (den gamla lagen om betalningsstopp och konkurs). R\u00e5dgivarna f\u00f6r Ecoven Economistas arbetar f\u00f6r att hj\u00e4lpa v\u00e5ra kunder att \u00f6vervinna sv\u00e5ra ekonomiska situationer, b\u00e5de i de som \u00e4r n\u00f6dv\u00e4ndiga f\u00f6r att anm\u00e4la en t\u00e4vling och f\u00f6r att f\u00f6rebygga [&hellip;]<\/p>\n","protected":false},"author":2,"featured_media":0,"parent":7,"menu_order":4,"comment_status":"closed","ping_status":"closed","template":"","meta":{"footnotes":""},"aioseo_notices":[],"_links":{"self":[{"href":"https:\/\/www.ecoven.info\/se\/wp-json\/wp\/v2\/pages\/15"}],"collection":[{"href":"https:\/\/www.ecoven.info\/se\/wp-json\/wp\/v2\/pages"}],"about":[{"href":"https:\/\/www.ecoven.info\/se\/wp-json\/wp\/v2\/types\/page"}],"author":[{"embeddable":true,"href":"https:\/\/www.ecoven.info\/se\/wp-json\/wp\/v2\/users\/2"}],"replies":[{"embeddable":true,"href":"https:\/\/www.ecoven.info\/se\/wp-json\/wp\/v2\/comments?post=15"}],"version-history":[{"count":3,"href":"https:\/\/www.ecoven.info\/se\/wp-json\/wp\/v2\/pages\/15\/revisions"}],"predecessor-version":[{"id":728,"href":"https:\/\/www.ecoven.info\/se\/wp-json\/wp\/v2\/pages\/15\/revisions\/728"}],"up":[{"embeddable":true,"href":"https:\/\/www.ecoven.info\/se\/wp-json\/wp\/v2\/pages\/7"}],"wp:attachment":[{"href":"https:\/\/www.ecoven.info\/se\/wp-json\/wp\/v2\/media?parent=15"}],"curies":[{"name":"wp","href":"https:\/\/api.w.org\/{rel}","templated":true}]}}